{"id":9,"date":"2021-02-28T13:22:21","date_gmt":"2021-02-28T10:22:21","guid":{"rendered":"https:\/\/wagermat.com\/es\/?page_id=9"},"modified":"2023-06-01T20:17:26","modified_gmt":"2023-06-01T17:17:26","slug":"inicio","status":"publish","type":"page","link":"https:\/\/wagermat.com\/es\/","title":{"rendered":"Inicio"},"content":{"rendered":"<div id=\"pl-9\"  class=\"panel-layout\" ><div id=\"pg-9-0\"  class=\"panel-grid panel-has-style\" ><div class=\"siteorigin-panels-stretch panel-row-style panel-row-style-for-9-0\" data-stretch-type=\"full-stretched-padded\" ><div id=\"pgc-9-0-0\"  class=\"panel-grid-cell\" ><div id=\"panel-9-0-0-0\" class=\"so-panel widget widget_sow-editor panel-first-child\" data-index=\"0\" ><div class=\"panel-widget-style panel-widget-style-for-9-0-0-0\" ><div\n\t\t\t\n\t\t\tclass=\"so-widget-sow-editor so-widget-sow-editor-base\"\n\t\t\t\n\t\t>\n<div class=\"siteorigin-widget-tinymce textwidget\">\n\t<p style=\"text-align: center;\"><span style=\"font-size: 18pt;\"><span class=\"VIiyi\" lang=\"es\"><span class=\"JLqJ4b ChMk0b\" data-language-for-alternatives=\"es\" data-language-to-translate-into=\"tr\" data-phrase-index=\"0\">ENVOLTADORA DE CIGARRILLOS WAGERMAT<\/span><\/span><\/span><\/p>\n<\/div>\n<\/div><\/div><\/div><div id=\"panel-9-0-0-1\" class=\"so-panel widget widget_siteorigin-panels-builder panel-last-child\" data-index=\"1\" ><div id=\"pl-w603b777916947\"  class=\"panel-layout\" ><div id=\"pg-w603b777916947-0\"  class=\"panel-grid panel-no-style\" ><div id=\"pgc-w603b777916947-0-0\"  class=\"panel-grid-cell\" ><div id=\"panel-w603b777916947-0-0-0\" class=\"so-panel widget widget_sow-button panel-first-child panel-last-child\" data-index=\"0\" ><div\n\t\t\t\n\t\t\tclass=\"so-widget-sow-button so-widget-sow-button-flat-07aff4cd00b7\"\n\t\t\t\n\t\t><div class=\"ow-button-base ow-button-align-center\">\n\t<a\n\thref=\"\"\n\t\tclass=\"ow-icon-placement-left ow-button-hover\" \t>\n\t\t<span>\n\t\t\t<span class=\"sow-icon-fontawesome sow-fas\" data-sow-icon=\"&#xf0da;\"\n\t\t \n\t\taria-hidden=\"true\"><\/span>\n\t\t\tWagermat\t\t<\/span>\n\t<\/a>\n<\/div>\n<\/div><\/div><\/div><\/div><\/div><\/div><\/div><\/div><\/div><div id=\"pg-9-1\"  class=\"panel-grid panel-has-style\" ><div class=\"siteorigin-panels-stretch panel-row-style panel-row-style-for-9-1\" data-stretch-type=\"full-stretched\" ><div id=\"pgc-9-1-0\"  class=\"panel-grid-cell\" ><div class=\"panel-cell-style panel-cell-style-for-9-1-0\" ><div id=\"panel-9-1-0-0\" class=\"so-panel widget widget_sow-editor panel-first-child\" data-index=\"2\" ><div\n\t\t\t\n\t\t\tclass=\"so-widget-sow-editor so-widget-sow-editor-base\"\n\t\t\t\n\t\t>\n<div class=\"siteorigin-widget-tinymce textwidget\">\n\t<p style=\"text-align: justify;\"><span style=\"font-size: 14pt;\">Hola! \u00bfTienes alguna pregunta, solicitud o necesidad de comunicarte con respecto a la m\u00e1quina de liar cigarrillos Wagermat? Rellena el siguiente formulario y te responderemos lo antes posible. Estamos aqu\u00ed para proporcionarte m\u00e1s informaci\u00f3n sobre la m\u00e1quina de liar cigarrillos Wagermat, conocer los detalles de nuestras ventas o ponerte en contacto con nuestro equipo de soporte. Estamos ansiosos por recibir tu mensaje y brindarte el mejor servicio. \u00a1Gracias!<\/span><\/p>\n<\/div>\n<\/div><\/div><div id=\"panel-9-1-0-1\" class=\"so-panel widget widget_sow-contact-form panel-last-child\" data-index=\"3\" ><div\n\t\t\t\n\t\t\tclass=\"so-widget-sow-contact-form so-widget-sow-contact-form-default-d357f6a56411-9\"\n\t\t\t\n\t\t>\t<form\n\t\taction=\"\/es\/wp-json\/wp\/v2\/pages\/9\"\n\t\tmethod=\"POST\"\n\t\tclass=\"sow-contact-form\"\n\t\tid=\"contact-form-95c6\"\n\t>\n\n\t\t\n\t\t            <div class=\"sow-form-field sow-form-field-name\">\n            \t<label class=\"sow-form-field-label-above\" for=\"sow-contact-form-field-nombre-apellido-3141362555fddf535a791f351737339\">\n\t\t\t\t<strong>\n\t\t\t\t\tNombre Apellido\t\t\t\t\t\t\t\t\t<\/strong>\n\t\t\t<\/label>\n\t\t\t\t\t\t\t<span class=\"sow-field-container\">\n\t\t\t\t\t\t\t<input\n\t\t\ttype=\"text\"\n\t\t\tname=\"nombre-apellido-3141362555fddf535a791f351737339\"\n\t\t\tid=\"sow-contact-form-field-nombre-apellido-3141362555fddf535a791f351737339\"\n\t\t\tvalue=\"\"\n\t\t\tclass=\"sow-text-field\"\n\t\t\t\t\t\/>\n\t\t\t\t\t\t<\/span>\n\t\t\t\t\t\t\t<\/div>\n\t\t\t            <div class=\"sow-form-field sow-form-field-tel\">\n            \t<label class=\"sow-form-field-label-above\" for=\"sow-contact-form-field-telfono-3141362555fddf535a791f351737339\">\n\t\t\t\t<strong>\n\t\t\t\t\tTel\u00e9fono\t\t\t\t\t\t\t\t\t<\/strong>\n\t\t\t<\/label>\n\t\t\t\t\t\t\t<span class=\"sow-field-container\">\n\t\t\t\t\t\t\t<input\n\t\t\ttype=\"tel\"\n\t\t\tname=\"telfono-3141362555fddf535a791f351737339\"\n\t\t\tid=\"sow-contact-form-field-telfono-3141362555fddf535a791f351737339\"\n\t\t\tvalue=\"\"\n\t\t\tclass=\"sow-text-field\"\t\t\t\t\t\/>\n\t\t\t\t\t\t<\/span>\n\t\t\t\t\t\t\t<\/div>\n\t\t\t\t\t\n\t\t\n\t\t\n\t\t<input type=\"hidden\" name=\"instance_hash\" value=\"95c65ed93d775d7c50cb90d429dafb12\" \/>\n\t\t<input type=\"hidden\" id=\"_wpnonce\" name=\"_wpnonce\" value=\"2f1f919127\" \/><input type=\"hidden\" name=\"_wp_http_referer\" value=\"\/es\/wp-json\/wp\/v2\/pages\/9\" \/>\t\t<div class=\"sow-submit-wrapper sow-submit-styled\">\n\n\t\t<button class=\"sow-submit\"\n\t\t\t\t\t\t\t\t>\n\t\t\tD\u00e9janos llamarte\t\t<\/button>\n\n\t\t<\/div>\n\t<\/form>\n\t<\/div><\/div><\/div><\/div><div id=\"pgc-9-1-1\"  class=\"panel-grid-cell\" ><div class=\"panel-cell-style panel-cell-style-for-9-1-1\" ><div id=\"panel-9-1-1-0\" class=\"so-panel widget widget_sow-editor panel-first-child panel-last-child\" data-index=\"4\" ><div\n\t\t\t\n\t\t\tclass=\"so-widget-sow-editor so-widget-sow-editor-base\"\n\t\t\t\n\t\t>\n<div class=\"siteorigin-widget-tinymce textwidget\">\n\t<\/div>\n<\/div><\/div><\/div><\/div><\/div><\/div><\/div>","protected":false},"excerpt":{"rendered":"<p>ENVOLTADORA DE CIGARRILLOS WAGERMAT Hola! \u00bfTienes alguna pregunta, solicitud o necesidad de comunicarte con respecto a la m\u00e1quina de liar cigarrillos Wagermat? Rellena el siguiente formulario y te responderemos lo antes posible. Estamos aqu\u00ed para proporcionarte m\u00e1s informaci\u00f3n sobre la m\u00e1quina de liar cigarrillos Wagermat, conocer los detalles de nuestras ventas o ponerte en contacto [&hellip;]<\/p>\n","protected":false},"author":1,"featured_media":0,"parent":0,"menu_order":0,"comment_status":"closed","ping_status":"closed","template":"","meta":{"footnotes":""},"_links":{"self":[{"href":"https:\/\/wagermat.com\/es\/wp-json\/wp\/v2\/pages\/9"}],"collection":[{"href":"https:\/\/wagermat.com\/es\/wp-json\/wp\/v2\/pages"}],"about":[{"href":"https:\/\/wagermat.com\/es\/wp-json\/wp\/v2\/types\/page"}],"author":[{"embeddable":true,"href":"https:\/\/wagermat.com\/es\/wp-json\/wp\/v2\/users\/1"}],"replies":[{"embeddable":true,"href":"https:\/\/wagermat.com\/es\/wp-json\/wp\/v2\/comments?post=9"}],"version-history":[{"count":32,"href":"https:\/\/wagermat.com\/es\/wp-json\/wp\/v2\/pages\/9\/revisions"}],"predecessor-version":[{"id":79,"href":"https:\/\/wagermat.com\/es\/wp-json\/wp\/v2\/pages\/9\/revisions\/79"}],"wp:attachment":[{"href":"https:\/\/wagermat.com\/es\/wp-json\/wp\/v2\/media?parent=9"}],"curies":[{"name":"wp","href":"https:\/\/api.w.org\/{rel}","templated":true}]}}