{"id":44,"date":"2021-02-28T13:44:10","date_gmt":"2021-02-28T10:44:10","guid":{"rendered":"https:\/\/wagermat.com\/es\/?page_id=44"},"modified":"2021-02-28T14:02:16","modified_gmt":"2021-02-28T11:02:16","slug":"contacto","status":"publish","type":"page","link":"https:\/\/wagermat.com\/es\/contacto\/","title":{"rendered":"Contacto"},"content":{"rendered":"<div id=\"pl-44\"  class=\"panel-layout\" ><div id=\"pg-44-0\"  class=\"panel-grid panel-no-style\" ><div id=\"pgc-44-0-0\"  class=\"panel-grid-cell\" ><div id=\"panel-44-0-0-0\" class=\"so-panel widget widget_sow-editor panel-first-child\" data-index=\"0\" ><div\n\t\t\t\n\t\t\tclass=\"so-widget-sow-editor so-widget-sow-editor-base\"\n\t\t\t\n\t\t>\n<div class=\"siteorigin-widget-tinymce textwidget\">\n\t<p><img decoding=\"async\" loading=\"lazy\" class=\"alignnone wp-image-59 size-full\" src=\"https:\/\/wagermat.com\/es\/wp-content\/uploads\/sites\/3\/2021\/02\/contact-spain.jpg\" alt=\"\" width=\"1009\" height=\"654\" srcset=\"https:\/\/wagermat.com\/es\/wp-content\/uploads\/sites\/3\/2021\/02\/contact-spain.jpg 1009w, https:\/\/wagermat.com\/es\/wp-content\/uploads\/sites\/3\/2021\/02\/contact-spain-300x194.jpg 300w, https:\/\/wagermat.com\/es\/wp-content\/uploads\/sites\/3\/2021\/02\/contact-spain-768x498.jpg 768w\" sizes=\"(max-width: 1009px) 100vw, 1009px\" \/><\/p>\n<\/div>\n<\/div><\/div><div id=\"panel-44-0-0-1\" class=\"widget_text so-panel widget widget_custom_html panel-last-child\" data-index=\"1\" ><div class=\"textwidget custom-html-widget\"><iframe src=\"https:\/\/www.google.com\/maps\/embed?pb=!1m14!1m8!1m3!1d1793.5919999643186!2d29.242407286634197!3d40.88393913129218!3m2!1i1024!2i768!4f13.1!3m3!1m2!1s0x0%3A0xfc5690eae7d5d132!2sWagermat%20Sigara%20Sarma%20Makinesi!5e0!3m2!1str!2str!4v1607467753010!5m2!1str!2str\" width=\"100%\" height=\"450\" frameborder=\"0\" style=\"border:0;\" allowfullscreen=\"\" aria-hidden=\"false\" tabindex=\"0\"><\/iframe><\/div><\/div><\/div><div id=\"pgc-44-0-1\"  class=\"panel-grid-cell\" ><div id=\"panel-44-0-1-0\" class=\"so-panel widget widget_sow-contact-form panel-first-child\" data-index=\"2\" ><div\n\t\t\t\n\t\t\tclass=\"so-widget-sow-contact-form so-widget-sow-contact-form-default-d357f6a56411-44\"\n\t\t\t\n\t\t>\t<form\n\t\taction=\"\/es\/wp-json\/wp\/v2\/pages\/44\"\n\t\tmethod=\"POST\"\n\t\tclass=\"sow-contact-form\"\n\t\tid=\"contact-form-c964\"\n\t>\n\n\t\t\n\t\t            <div class=\"sow-form-field sow-form-field-name\">\n            \t<label class=\"sow-form-field-label-above\" for=\"sow-contact-form-field-nombre-apellido-3141362555fddf535a791f351737339\">\n\t\t\t\t<strong>\n\t\t\t\t\tNombre Apellido\t\t\t\t\t\t\t\t\t<\/strong>\n\t\t\t<\/label>\n\t\t\t\t\t\t\t<span class=\"sow-field-container\">\n\t\t\t\t\t\t\t<input\n\t\t\ttype=\"text\"\n\t\t\tname=\"nombre-apellido-3141362555fddf535a791f351737339\"\n\t\t\tid=\"sow-contact-form-field-nombre-apellido-3141362555fddf535a791f351737339\"\n\t\t\tvalue=\"\"\n\t\t\tclass=\"sow-text-field\"\n\t\t\t\t\t\/>\n\t\t\t\t\t\t<\/span>\n\t\t\t\t\t\t\t<\/div>\n\t\t\t            <div class=\"sow-form-field sow-form-field-tel\">\n            \t<label class=\"sow-form-field-label-above\" for=\"sow-contact-form-field-telfono-3141362555fddf535a791f351737339\">\n\t\t\t\t<strong>\n\t\t\t\t\tTel\u00e9fono\t\t\t\t\t\t\t\t\t<\/strong>\n\t\t\t<\/label>\n\t\t\t\t\t\t\t<span class=\"sow-field-container\">\n\t\t\t\t\t\t\t<input\n\t\t\ttype=\"tel\"\n\t\t\tname=\"telfono-3141362555fddf535a791f351737339\"\n\t\t\tid=\"sow-contact-form-field-telfono-3141362555fddf535a791f351737339\"\n\t\t\tvalue=\"\"\n\t\t\tclass=\"sow-text-field\"\t\t\t\t\t\/>\n\t\t\t\t\t\t<\/span>\n\t\t\t\t\t\t\t<\/div>\n\t\t\t\t\t\n\t\t\n\t\t\n\t\t<input type=\"hidden\" name=\"instance_hash\" value=\"c96459b2b4c4c04ebedeb6ce5958fa98\" \/>\n\t\t<input type=\"hidden\" id=\"_wpnonce\" name=\"_wpnonce\" value=\"2f1f919127\" \/><input type=\"hidden\" name=\"_wp_http_referer\" value=\"\/es\/wp-json\/wp\/v2\/pages\/44\" \/>\t\t<div class=\"sow-submit-wrapper sow-submit-styled\">\n\n\t\t<button class=\"sow-submit\"\n\t\t\t\t\t\t\t\t>\n\t\t\tD\u00e9janos llamarte\t\t<\/button>\n\n\t\t<\/div>\n\t<\/form>\n\t<\/div><\/div><div id=\"panel-44-0-1-1\" class=\"so-panel widget widget_sow-contact-form panel-last-child\" data-index=\"3\" ><div class=\"panel-widget-style panel-widget-style-for-44-0-1-1\" ><div\n\t\t\t\n\t\t\tclass=\"so-widget-sow-contact-form so-widget-sow-contact-form-default-561e98a1c438-44\"\n\t\t\t\n\t\t><h3 class=\"widget-title\">Bize Ula\u015f\u0131n<\/h3>\t<form\n\t\taction=\"\/es\/wp-json\/wp\/v2\/pages\/44\"\n\t\tmethod=\"POST\"\n\t\tclass=\"sow-contact-form\"\n\t\tid=\"contact-form-2e74\"\n\t>\n\n\t\t\n\t\t            <div class=\"sow-form-field sow-form-field-name\">\n            \t<label class=\"sow-form-field-label-above\" for=\"sow-contact-form-field-nombre-apellido-13708106865fce73029e9bf219033050\">\n\t\t\t\t<strong>\n\t\t\t\t\tNombre Apellido\t\t\t\t\t\t\t\t\t<\/strong>\n\t\t\t<\/label>\n\t\t\t\t\t\t\t<span class=\"sow-field-container\">\n\t\t\t\t\t\t\t<input\n\t\t\ttype=\"text\"\n\t\t\tname=\"nombre-apellido-13708106865fce73029e9bf219033050\"\n\t\t\tid=\"sow-contact-form-field-nombre-apellido-13708106865fce73029e9bf219033050\"\n\t\t\tvalue=\"\"\n\t\t\tclass=\"sow-text-field\"\n\t\t\t\t\t\/>\n\t\t\t\t\t\t<\/span>\n\t\t\t\t\t\t\t<\/div>\n\t\t\t            <div class=\"sow-form-field sow-form-field-email\">\n            \t<label class=\"sow-form-field-label-above\" for=\"sow-contact-form-field-correo-electronico-13708106865fce73029e9bf219033050\">\n\t\t\t\t<strong>\n\t\t\t\t\tCorreo Electronico\t\t\t\t\t\t\t\t\t<\/strong>\n\t\t\t<\/label>\n\t\t\t\t\t\t\t<span class=\"sow-field-container\">\n\t\t\t\t\t\t\t<input\n\t\t\ttype=\"email\"\n\t\t\tname=\"correo-electronico-13708106865fce73029e9bf219033050\"\n\t\t\tid=\"sow-contact-form-field-correo-electronico-13708106865fce73029e9bf219033050\"\n\t\t\tvalue=\"\"\n\t\t\tclass=\"sow-text-field\"\t\t\t\t\t\/>\n\t\t\t\t\t\t<\/span>\n\t\t\t\t\t\t\t<\/div>\n\t\t\t            <div class=\"sow-form-field sow-form-field-textarea\">\n            \t<label class=\"sow-form-field-label-above\" for=\"sow-contact-form-field-tu-mensaje-13708106865fce73029e9bf219033050\">\n\t\t\t\t<strong>\n\t\t\t\t\tTu mensaje\t\t\t\t\t\t\t\t\t<\/strong>\n\t\t\t<\/label>\n\t\t\t\t\t\t\t<span class=\"sow-field-container\">\n\t\t\t\t\t\t\t<textarea\n\t\t\tname=\"tu-mensaje-13708106865fce73029e9bf219033050\"\n\t\t\tid=\"sow-contact-form-field-tu-mensaje-13708106865fce73029e9bf219033050\"\n\t\t\trows=\"10\"\n\t\t\t\t\t\t\t\t><\/textarea>\n\t\t\t\t\t\t<\/span>\n\t\t\t\t\t\t\t<\/div>\n\t\t\t\t\t\n\t\t\n\t\t\n\t\t<input type=\"hidden\" name=\"instance_hash\" value=\"2e747fdfe72ce43bb41a19276cdbf4ae\" \/>\n\t\t<input type=\"hidden\" id=\"_wpnonce\" name=\"_wpnonce\" value=\"2f1f919127\" \/><input type=\"hidden\" name=\"_wp_http_referer\" value=\"\/es\/wp-json\/wp\/v2\/pages\/44\" \/>\t\t<div class=\"sow-submit-wrapper sow-submit-styled\">\n\n\t\t<button class=\"sow-submit\"\n\t\t\t\t\t\t\t\t>\n\t\t\tEnviar\t\t<\/button>\n\n\t\t<\/div>\n\t<\/form>\n\t<\/div><\/div><\/div><\/div><\/div><\/div>","protected":false},"excerpt":{"rendered":"<p>Nombre Apellido Tel\u00e9fono D\u00e9janos llamarte Bize Ula\u015f\u0131n Nombre Apellido Correo Electronico Tu mensaje Enviar<\/p>\n","protected":false},"author":1,"featured_media":0,"parent":0,"menu_order":0,"comment_status":"closed","ping_status":"closed","template":"","meta":{"footnotes":""},"_links":{"self":[{"href":"https:\/\/wagermat.com\/es\/wp-json\/wp\/v2\/pages\/44"}],"collection":[{"href":"https:\/\/wagermat.com\/es\/wp-json\/wp\/v2\/pages"}],"about":[{"href":"https:\/\/wagermat.com\/es\/wp-json\/wp\/v2\/types\/page"}],"author":[{"embeddable":true,"href":"https:\/\/wagermat.com\/es\/wp-json\/wp\/v2\/users\/1"}],"replies":[{"embeddable":true,"href":"https:\/\/wagermat.com\/es\/wp-json\/wp\/v2\/comments?post=44"}],"version-history":[{"count":11,"href":"https:\/\/wagermat.com\/es\/wp-json\/wp\/v2\/pages\/44\/revisions"}],"predecessor-version":[{"id":63,"href":"https:\/\/wagermat.com\/es\/wp-json\/wp\/v2\/pages\/44\/revisions\/63"}],"wp:attachment":[{"href":"https:\/\/wagermat.com\/es\/wp-json\/wp\/v2\/media?parent=44"}],"curies":[{"name":"wp","href":"https:\/\/api.w.org\/{rel}","templated":true}]}}