{"id":42,"date":"2021-02-28T13:42:02","date_gmt":"2021-02-28T10:42:02","guid":{"rendered":"https:\/\/wagermat.com\/es\/?page_id=42"},"modified":"2021-02-28T13:42:02","modified_gmt":"2021-02-28T10:42:02","slug":"sobre-nosotros","status":"publish","type":"page","link":"https:\/\/wagermat.com\/es\/sobre-nosotros\/","title":{"rendered":"Sobre Nosotros"},"content":{"rendered":"<div id=\"pl-42\"  class=\"panel-layout\" ><div id=\"pg-42-0\"  class=\"panel-grid panel-no-style\" ><div id=\"pgc-42-0-0\"  class=\"panel-grid-cell\" ><div id=\"panel-42-0-0-0\" class=\"so-panel widget widget_sow-editor panel-first-child panel-last-child\" data-index=\"0\" ><div\n\t\t\t\n\t\t\tclass=\"so-widget-sow-editor so-widget-sow-editor-base\"\n\t\t\t\n\t\t>\n<div class=\"siteorigin-widget-tinymce textwidget\">\n\t<div id=\"pgc-70-0-0\" class=\"panel-grid-cell\">\n<div id=\"panel-70-0-0-0\" class=\"so-panel widget widget_sow-editor panel-first-child panel-last-child\" data-index=\"0\">\n<div class=\"so-widget-sow-editor so-widget-sow-editor-base\">\n<div class=\"siteorigin-widget-tinymce textwidget\">\n<p><span style=\"color: #ff6600;\"><strong>Como Wagermat <\/strong><\/span><span> Automation, llevamos a cabo con \u00e9xito trabajos de fabricaci\u00f3n, ingenier\u00eda, montaje y puesta en marcha relacionados con sistemas el\u00e9ctricos, de automatizaci\u00f3n industrial y electromec\u00e1nicos con nuestro personal experimentado y experto que ha trabajado en el sector de la automatizaci\u00f3n durante muchos a\u00f1os, utilizando nuestro conocimiento, experiencia y experiencia.<\/span><\/p>\n<p><span>Nuestro objetivo es realizar el an\u00e1lisis de procesos y problemas con meticulosidad y \u00e9xito combinando las \u00faltimas tecnolog\u00edas en sistemas con nuestra experiencia y continuar nuestro trabajo como empresa que crea valor para nuestros clientes y nuestro pa\u00eds ofreciendo soluciones personalizadas a las empresas. Con nuestro conocimiento y experiencia en los campos de la automatizaci\u00f3n de m\u00e1quinas, la automatizaci\u00f3n de procesos y la automatizaci\u00f3n de plantas industriales, nos hemos dirigido al campo de las envolvedoras de tabaco y hemos producido m\u00e1quinas envasadoras y envasadoras de cigarrillos y productos de tabaco para uso profesional e individual en este campo. Las m\u00e1quinas para envolver tabaco que producimos tienen una gran demanda en el extranjero; Estamos felices de ver los resultados de nuestro \u00e9xito en nuestras exportaciones.<\/span><\/p>\n<\/div>\n<\/div>\n<\/div>\n<\/div>\n<\/div>\n<\/div><\/div><\/div><div id=\"pgc-42-0-1\"  class=\"panel-grid-cell\" ><div id=\"panel-42-0-1-0\" class=\"so-panel widget widget_sow-editor panel-first-child panel-last-child\" data-index=\"1\" ><div\n\t\t\t\n\t\t\tclass=\"so-widget-sow-editor so-widget-sow-editor-base\"\n\t\t\t\n\t\t>\n<div class=\"siteorigin-widget-tinymce textwidget\">\n\t<p><iframe title=\"Wagermat Sigara sarma makinesi \/ Cigarette filling machine \/ Tobacco filling machine\" width=\"500\" height=\"281\" src=\"https:\/\/www.youtube.com\/embed\/s7RIh1pKKFU?feature=oembed\" frameborder=\"0\" allow=\"accelerometer; autoplay; clipboard-write; encrypted-media; gyroscope; picture-in-picture\" allowfullscreen><\/iframe><\/p>\n<p><iframe title=\"Wagermat Sigara sarma makinesi \/ Cigarette filling machine \/ Tobacco filling machine\" width=\"500\" height=\"281\" src=\"https:\/\/www.youtube.com\/embed\/_Gc6T83KXl8?feature=oembed\" frameborder=\"0\" allow=\"accelerometer; autoplay; clipboard-write; encrypted-media; gyroscope; picture-in-picture\" allowfullscreen><\/iframe><\/p>\n<\/div>\n<\/div><\/div><\/div><\/div><\/div>","protected":false},"excerpt":{"rendered":"<p>Como Wagermat Automation, llevamos a cabo con \u00e9xito trabajos de fabricaci\u00f3n, ingenier\u00eda, montaje y puesta en marcha relacionados con sistemas el\u00e9ctricos, de automatizaci\u00f3n industrial y electromec\u00e1nicos con nuestro personal experimentado y experto que ha trabajado en el sector de la automatizaci\u00f3n durante muchos a\u00f1os, utilizando nuestro conocimiento, experiencia y experiencia. Nuestro objetivo es realizar el [&hellip;]<\/p>\n","protected":false},"author":1,"featured_media":0,"parent":0,"menu_order":0,"comment_status":"closed","ping_status":"closed","template":"","meta":{"footnotes":""},"_links":{"self":[{"href":"https:\/\/wagermat.com\/es\/wp-json\/wp\/v2\/pages\/42"}],"collection":[{"href":"https:\/\/wagermat.com\/es\/wp-json\/wp\/v2\/pages"}],"about":[{"href":"https:\/\/wagermat.com\/es\/wp-json\/wp\/v2\/types\/page"}],"author":[{"embeddable":true,"href":"https:\/\/wagermat.com\/es\/wp-json\/wp\/v2\/users\/1"}],"replies":[{"embeddable":true,"href":"https:\/\/wagermat.com\/es\/wp-json\/wp\/v2\/comments?post=42"}],"version-history":[{"count":1,"href":"https:\/\/wagermat.com\/es\/wp-json\/wp\/v2\/pages\/42\/revisions"}],"predecessor-version":[{"id":43,"href":"https:\/\/wagermat.com\/es\/wp-json\/wp\/v2\/pages\/42\/revisions\/43"}],"wp:attachment":[{"href":"https:\/\/wagermat.com\/es\/wp-json\/wp\/v2\/media?parent=42"}],"curies":[{"name":"wp","href":"https:\/\/api.w.org\/{rel}","templated":true}]}}